{"id":5361,"date":"2024-09-21T12:24:33","date_gmt":"2024-09-21T10:24:33","guid":{"rendered":"https:\/\/www.bernabohomegallery.it\/?page_id=5361"},"modified":"2024-09-21T17:39:23","modified_gmt":"2024-09-21T15:39:23","slug":"financing-a-rate-zero","status":"publish","type":"page","link":"https:\/\/www.bernabohomegallery.it\/en\/finanziamento-a-tasso-zero\/","title":{"rendered":"Zero-Interest Art Financing"},"content":{"rendered":"<p><div id=\"thz-section-holder-scec79040\" class=\"thz-section-holder section-notcontained none\" data-view-brightness=\"none\">\n\t<section class=\"thz-section\">\n\t\t<div class=\"thz-section-in\">\n\t\t\t\t\t<div class=\"thz-container content-contained thz-site-width\">\n\t\t\t\t<div class=\"thz-row\">\n\t<div id=\"thz-column-cec7d8504\" class=\"thz-column thz-col-1 fstart\">\n\t<div class=\"thz-column-container\">\n        <div class=\"thz-column-in\">\n                        <div class=\"thz-column-shortcodes\">\t\n                <div id=\"thz-sh-a254791f\" class=\"thz-shc thz-heading thz-sh-a254791f thz-sh-plain thz-sh-pos-both\">\n\t<div class=\"thz-heading-holder\">\n\t\t\t\t<h1 class=\"thz-heading-title\">Finanziamento opere d'arte a tasso zero<\/h1>\t\t\t<\/div>\n<\/div>            <\/div>\n                                            <\/div>\n    <\/div>\n<\/div><\/div><div class=\"thz-row\">\n\t<div id=\"thz-column-c515669ae\" class=\"thz-column thz-col-1-3 fstart\">\n\t<div class=\"thz-column-container\">\n        <div class=\"thz-column-in\">\n                        <div class=\"thz-column-shortcodes\">\t\n                <div id=\"thz-media-image-eea77c6f\" class=\"thz-shc thz-media-image-container thz-media-mode-none\"><div class=\"thz-media-item thz-media-item-image\"><img loading=\"lazy\" decoding=\"async\" width=\"300\" height=\"220\" src=\"https:\/\/www.bernabohomegallery.it\/wp-content\/uploads\/2024\/09\/cofidis-finanziamento-tasso-zero-colorato.jpg\" class=\"\" alt=\"Cofidis finanziamento tasso zero opere d&#039;arte\" srcset=\"https:\/\/www.bernabohomegallery.it\/wp-content\/uploads\/2024\/09\/cofidis-finanziamento-tasso-zero-colorato.jpg 300w, https:\/\/www.bernabohomegallery.it\/wp-content\/uploads\/2024\/09\/cofidis-finanziamento-tasso-zero-colorato-16x12.jpg 16w\" sizes=\"auto, (max-width: 300px) 100vw, 300px\" \/><\/div><\/div>            <\/div>\n                                            <\/div>\n    <\/div>\n<\/div><div id=\"thz-column-cb8d72b52\" class=\"thz-column thz-col-2-3 fstart\">\n\t<div class=\"thz-column-container\">\n        <div class=\"thz-column-in\">\n                        <div class=\"thz-column-shortcodes\">\t\n                <div id=\"thz-sh-85b219bd\" class=\"thz-shc thz-heading thz-sh-85b219bd thz-sh-plain thz-sh-pos-both\">\n\t<div class=\"thz-heading-holder\">\n\t\t\t\t<div class=\"thz-heading-title\"><em>Collezionare bellezza non \u00e8 mai stato cos\u00ec semplice.<\/em><\/div>\t\t\t<\/div>\n<\/div><div id=\"thz-text-block-019892c5\" class=\"thz-shc thz-text-block\"><p><strong>Bernab\u00f2 Home Gallery<\/strong> rende l'arte accessibile a tutti con <strong>finanziamenti a tasso zero<\/strong> offerti in collaborazione con Cofidis. Scegli tra <strong>opere d'arte<\/strong>, <strong>quadri<\/strong> e <strong>sculture<\/strong> uniche e dilaziona il pagamento senza interessi, realizzando cos\u00ec il sogno di collezionare bellezza senza rinunce.<\/p><p>Scopri come portare nella tua casa pezzi originali e autentici con la comodit\u00e0 di un <strong>pagamento rateale e senza costi aggiuntivi<\/strong>.<\/p><p>Per maggiori informazioni, contattaci al <a href=\"tel:00390223664743\"><strong>+39 02 23664743<\/strong><\/a> o <a href=\"#contattaci\"><strong>compila il modulo online<\/strong><\/a>.<\/p><\/div>            <\/div>\n                                            <\/div>\n    <\/div>\n<\/div><\/div>\t\t\t<\/div>\n\t\t\t\t<\/div>\n\t\t\t\t<\/section>\n<\/div>\n<div id=\"contattaci\" class=\"thz-section-holder section-notcontained thz-element-anchor none\" data-anchor-before=\"0\" data-anchor-duration=\"800\" data-view-brightness=\"none\">\n\t<section class=\"thz-section\">\n\t\t<div class=\"thz-section-in\">\n\t\t\t\t\t<div class=\"thz-container content-contained thz-site-width\">\n\t\t\t\t<div class=\"thz-row\">\n\t<div id=\"thz-column-cf2108a86\" class=\"thz-column thz-col-1 fstart\">\n\t<div class=\"thz-column-container\">\n        <div class=\"thz-column-in\">\n                        <div class=\"thz-column-shortcodes\">\t\n                <div id=\"thz-text-block-dfdd484b\" class=\"thz-shc thz-text-block\"><p>\n<div class=\"wpcf7 no-js\" id=\"wpcf7-f401-o1\" lang=\"it-IT\" dir=\"ltr\" data-wpcf7-id=\"401\">\n<div class=\"screen-reader-response\"><p role=\"status\" aria-live=\"polite\" aria-atomic=\"true\"><\/p> <ul><\/ul><\/div>\n<form action=\"\/en\/wp-json\/wp\/v2\/pages\/5361#wpcf7-f401-o1\" method=\"post\" class=\"wpcf7-form init\" aria-label=\"Modulo di contatto\" novalidate=\"novalidate\" data-status=\"init\">\n<fieldset class=\"hidden-fields-container\"><input type=\"hidden\" name=\"_wpcf7\" value=\"401\" \/><input type=\"hidden\" name=\"_wpcf7_version\" value=\"6.1.5\" \/><input type=\"hidden\" name=\"_wpcf7_locale\" value=\"it_IT\" \/><input type=\"hidden\" name=\"_wpcf7_unit_tag\" value=\"wpcf7-f401-o1\" \/><input type=\"hidden\" name=\"_wpcf7_container_post\" value=\"0\" \/><input type=\"hidden\" name=\"_wpcf7_posted_data_hash\" value=\"\" \/><input type=\"hidden\" name=\"_wpcf7dtx_version\" value=\"5.0.5\" \/><input type=\"hidden\" name=\"_wpcf7_recaptcha_response\" value=\"\" \/>\n<\/fieldset>\n<div class=\"uacf7-form-wrapper-container uacf7-form-401  \"><span class=\"wpcf7-form-control-wrap argomento\" data-name=\"argomento\"><input type=\"hidden\" name=\"argomento\" class=\"wpcf7-form-control wpcf7-hidden wpcf7dtx wpcf7dtx-hidden\" aria-invalid=\"false\" value=\"Finanziamenti Arte a Tasso Zero\"><\/span>\n<span class=\"wpcf7-form-control-wrap pagina\" data-name=\"pagina\"><input type=\"hidden\" name=\"pagina\" class=\"wpcf7-form-control wpcf7-hidden wpcf7dtx wpcf7dtx-hidden\" aria-invalid=\"false\" value=\"https:\/\/www.bernabohomegallery.it\/en\/en\/wp-json\/wp\/v2\/pages\/5361\"><\/span>\n<div class=\"uacf7-row\"><div class=\"uacf7-col-6\"> <label> Nome <span class=\"wpcf7-form-control-wrap\" data-name=\"mc4wp-FNAME\"><input size=\"40\" maxlength=\"400\" class=\"wpcf7-form-control wpcf7-text wpcf7-validates-as-required\" aria-required=\"true\" aria-invalid=\"false\" value=\"\" type=\"text\" name=\"mc4wp-FNAME\" \/><\/span><\/label> <\/div><div class=\"uacf7-col-6\"> <label> Cognome<span class=\"wpcf7-form-control-wrap\" data-name=\"mc4wp-LNAME\"><input size=\"40\" maxlength=\"400\" class=\"wpcf7-form-control wpcf7-text wpcf7-validates-as-required\" aria-required=\"true\" aria-invalid=\"false\" value=\"\" type=\"text\" name=\"mc4wp-LNAME\" \/><\/span> <\/label><\/div><\/div>\n<div class=\"uacf7-row\"><div class=\"uacf7-col-6\"> <label> Email<span class=\"wpcf7-form-control-wrap\" data-name=\"your-email\"><input size=\"40\" maxlength=\"400\" class=\"wpcf7-form-control wpcf7-email wpcf7-validates-as-required wpcf7-text wpcf7-validates-as-email\" aria-required=\"true\" aria-invalid=\"false\" value=\"\" type=\"email\" name=\"your-email\" \/><\/span> <\/label><\/div><div class=\"uacf7-col-6\"> <label> Telefono <span class=\"wpcf7-form-control-wrap\" data-name=\"mc4wp-PHONE\"><input size=\"40\" class=\"wpcf7-form-control wpcf7-phonetext wpcf7-validates-as-required wpcf7-text wpcf7-validates-as-phonetext\" aria-required=\"true\" aria-invalid=\"false\" value=\"\" type=\"text\" name=\"mc4wp-PHONE\" \/><input type=\"hidden\" name=\"mc4wp-PHONE-country-code\" class=\"wpcf7-phonetext-country-code\" \/><\/span> <\/label><\/div><\/div>\n<div class=\"uacf7-row\"><div class=\"uacf7-col-12\"> <label> Nazione <span class=\"wpcf7-form-control-wrap\" data-name=\"country\"><input size=\"40\" class=\"wpcf7-form-control wpcf7-countrytext wpcf7-validates-as-required wpcf7-text wpcf7-validates-as-countrytext\" aria-required=\"true\" aria-invalid=\"false\" value=\"\" type=\"text\" name=\"country\" \/><\/span> <\/label><\/div><\/div>\n<div class=\"uacf7-row\"><div class=\"uacf7-col-12\"> <label> Oggetto <span class=\"wpcf7-form-control-wrap\" data-name=\"your-subject\"><input size=\"40\" maxlength=\"400\" class=\"wpcf7-form-control wpcf7-text wpcf7-validates-as-required\" aria-required=\"true\" aria-invalid=\"false\" value=\"\" type=\"text\" name=\"your-subject\" \/><\/span> <\/label><\/div><\/div>\n<div class=\"uacf7-row\"><div class=\"uacf7-col-12\"> <label> Messaggio <span class=\"wpcf7-form-control-wrap\" data-name=\"your-message\"><textarea cols=\"40\" rows=\"10\" maxlength=\"2000\" class=\"wpcf7-form-control wpcf7-textarea wpcf7-validates-as-required\" aria-required=\"true\" aria-invalid=\"false\" name=\"your-message\"><\/textarea><\/span><\/label> <\/div><\/div>\n<div class=\"uacf7-row\"><div class=\"uacf7-col-12\">\n\n\n<!-- Mailchimp for WordPress v4.12.0 - https:\/\/www.mc4wp.com\/ --><input type=\"hidden\" name=\"_mc4wp_subscribe_contact-form-7\" value=\"0\" \/><span class=\"mc4wp-checkbox mc4wp-checkbox-contact-form-7 \"><label><input type=\"checkbox\" name=\"_mc4wp_subscribe_contact-form-7\" value=\"1\" ><span>Subscribe to our Newsletter<\/span><\/label><\/span><!-- \/ Mailchimp for WordPress -->\n<input type=\"hidden\" name=\"mc4wp-INTERESTS[c4ee36ff2f]\" value=\"ENGLISH\">\n\n<\/div><\/div>\n<div class=\"uacf7-row\"><div class=\"uacf7-col-12\"> <span class=\"wpcf7-form-control-wrap\" data-name=\"privacy\"><span class=\"wpcf7-form-control wpcf7-acceptance\"><span class=\"wpcf7-list-item\"><label><input type=\"checkbox\" name=\"privacy\" value=\"1\" aria-invalid=\"false\" \/><span class=\"wpcf7-list-item-label\">Ho letto e acconsento il trattamento dei miei dati secondo la privacy policy consultabile a pi\u00e8 di pagina<\/span><\/label><\/span><\/span><\/span> <\/div><\/div>\n<input class=\"wpcf7-form-control wpcf7-submit has-spinner\" type=\"submit\" value=\"Invia\" \/><\/div><div class=\"wpcf7-response-output\" aria-hidden=\"true\"><\/div>\n<\/form>\n<\/div>\n<\/p><\/div>            <\/div>\n                                            <\/div>\n    <\/div>\n<\/div><\/div>\t\t\t<\/div>\n\t\t\t\t<\/div>\n\t\t\t\t<\/section>\n<\/div>\n<\/p>\n","protected":false},"excerpt":{"rendered":"<p>Finanziamento opere d&#8217;arte a tasso zero Collezionare bellezza non \u00e8 mai stato cos\u00ec semplice. Bernab\u00f2 Home Gallery rende l&#8217;arte accessibile a tutti con finanziamenti a tasso zero offerti in collaborazione con Cofidis. Scegli tra opere d&#8217;arte, quadri e sculture uniche e dilaziona il pagamento senza interessi, realizzando cos\u00ec il sogno di collezionare bellezza senza rinunce.Scopri come portare nella tua casa pezzi originali e autentici con la comodit\u00e0 di un pagamento rateale e senza costi aggiuntivi.Per maggiori informazioni, contattaci al +39 02 23664743 o compila il modulo online. Nome Cognome Email Telefono Nazione Oggetto Messaggio Subscribe to our Newsletter Ho letto e acconsento il trattamento dei miei dati secondo la privacy policy consultabile a pi\u00e8 di pagina<\/p>","protected":false},"author":3,"featured_media":0,"parent":0,"menu_order":0,"comment_status":"closed","ping_status":"closed","template":"","meta":{"inline_featured_image":false,"footnotes":""},"class_list":["post-5361","page","type-page","status-publish","hentry"],"yoast_head":"<!-- This site is optimized with the Yoast SEO plugin v27.0 - https:\/\/yoast.com\/product\/yoast-seo-wordpress\/ -->\n<title>Finanziamenti Arte a Tasso Zero - Bernab\u00f2 Home Gallery<\/title>\n<meta name=\"robots\" content=\"index, follow, max-snippet:-1, max-image-preview:large, max-video-preview:-1\" \/>\n<link rel=\"canonical\" href=\"https:\/\/www.bernabohomegallery.it\/en\/financing-a-rate-zero\/\" \/>\n<meta property=\"og:locale\" content=\"en_US\" \/>\n<meta property=\"og:type\" content=\"article\" \/>\n<meta property=\"og:title\" content=\"Finanziamenti Arte a Tasso Zero - Bernab\u00f2 Home Gallery\" \/>\n<meta property=\"og:description\" content=\"Finanziamento opere d&#039;arte a tasso zero Collezionare bellezza non \u00e8 mai stato cos\u00ec semplice. Bernab\u00f2 Home Gallery rende l&#039;arte accessibile a tutti con finanziamenti a tasso zero offerti in collaborazione con Cofidis. Scegli tra opere d&#039;arte, quadri e sculture uniche e dilaziona il pagamento senza interessi, realizzando cos\u00ec il sogno di collezionare bellezza senza rinunce.Scopri come portare nella tua casa pezzi originali e autentici con la comodit\u00e0 di un pagamento rateale e senza costi aggiuntivi.Per maggiori informazioni, contattaci al +39 02 23664743 o compila il modulo online. Nome Cognome Email Telefono Nazione Oggetto Messaggio Subscribe to our Newsletter Ho letto e acconsento il trattamento dei miei dati secondo la privacy policy consultabile a pi\u00e8 di pagina\" \/>\n<meta property=\"og:url\" content=\"https:\/\/www.bernabohomegallery.it\/en\/financing-a-rate-zero\/\" \/>\n<meta property=\"og:site_name\" content=\"Bernab\u00f2 Home Gallery\" \/>\n<meta property=\"article:publisher\" content=\"https:\/\/www.facebook.com\/Bernabohomegallery\" \/>\n<meta property=\"article:modified_time\" content=\"2024-09-21T15:39:23+00:00\" \/>\n<meta property=\"og:image\" content=\"https:\/\/www.bernabohomegallery.it\/wp-content\/uploads\/2024\/09\/cofidis-finanziamento-tasso-zero-colorato.jpg\" \/>\n<meta name=\"twitter:card\" content=\"summary_large_image\" \/>\n<meta name=\"twitter:label1\" content=\"Est. reading time\" \/>\n\t<meta name=\"twitter:data1\" content=\"1 minute\" \/>\n<script type=\"application\/ld+json\" class=\"yoast-schema-graph\">{\"@context\":\"https:\/\/schema.org\",\"@graph\":[{\"@type\":\"WebPage\",\"@id\":\"https:\/\/www.bernabohomegallery.it\/finanziamento-a-tasso-zero\/\",\"url\":\"https:\/\/www.bernabohomegallery.it\/finanziamento-a-tasso-zero\/\",\"name\":\"Finanziamenti Arte a Tasso Zero - Bernab\u00f2 Home Gallery\",\"isPartOf\":{\"@id\":\"https:\/\/www.bernabohomegallery.it\/#website\"},\"primaryImageOfPage\":{\"@id\":\"https:\/\/www.bernabohomegallery.it\/finanziamento-a-tasso-zero\/#primaryimage\"},\"image\":{\"@id\":\"https:\/\/www.bernabohomegallery.it\/finanziamento-a-tasso-zero\/#primaryimage\"},\"thumbnailUrl\":\"https:\/\/www.bernabohomegallery.it\/wp-content\/uploads\/2024\/09\/cofidis-finanziamento-tasso-zero-colorato.jpg\",\"datePublished\":\"2024-09-21T10:24:33+00:00\",\"dateModified\":\"2024-09-21T15:39:23+00:00\",\"breadcrumb\":{\"@id\":\"https:\/\/www.bernabohomegallery.it\/finanziamento-a-tasso-zero\/#breadcrumb\"},\"inLanguage\":\"en-US\",\"potentialAction\":[{\"@type\":\"ReadAction\",\"target\":[\"https:\/\/www.bernabohomegallery.it\/finanziamento-a-tasso-zero\/\"]}]},{\"@type\":\"ImageObject\",\"inLanguage\":\"en-US\",\"@id\":\"https:\/\/www.bernabohomegallery.it\/finanziamento-a-tasso-zero\/#primaryimage\",\"url\":\"https:\/\/www.bernabohomegallery.it\/wp-content\/uploads\/2024\/09\/cofidis-finanziamento-tasso-zero-colorato.jpg\",\"contentUrl\":\"https:\/\/www.bernabohomegallery.it\/wp-content\/uploads\/2024\/09\/cofidis-finanziamento-tasso-zero-colorato.jpg\"},{\"@type\":\"BreadcrumbList\",\"@id\":\"https:\/\/www.bernabohomegallery.it\/finanziamento-a-tasso-zero\/#breadcrumb\",\"itemListElement\":[{\"@type\":\"ListItem\",\"position\":1,\"name\":\"Home\",\"item\":\"https:\/\/www.bernabohomegallery.it\/\"},{\"@type\":\"ListItem\",\"position\":2,\"name\":\"Finanziamenti Arte a Tasso Zero\"}]},{\"@type\":\"WebSite\",\"@id\":\"https:\/\/www.bernabohomegallery.it\/#website\",\"url\":\"https:\/\/www.bernabohomegallery.it\/\",\"name\":\"Bernab\u00f2 Home Gallery\",\"description\":\"Galleria arte moderna e contemporanea\",\"publisher\":{\"@id\":\"https:\/\/www.bernabohomegallery.it\/#organization\"},\"potentialAction\":[{\"@type\":\"SearchAction\",\"target\":{\"@type\":\"EntryPoint\",\"urlTemplate\":\"https:\/\/www.bernabohomegallery.it\/?s={search_term_string}\"},\"query-input\":{\"@type\":\"PropertyValueSpecification\",\"valueRequired\":true,\"valueName\":\"search_term_string\"}}],\"inLanguage\":\"en-US\"},{\"@type\":\"Organization\",\"@id\":\"https:\/\/www.bernabohomegallery.it\/#organization\",\"name\":\"Bernab\u00f2 Home Gallery\",\"url\":\"https:\/\/www.bernabohomegallery.it\/\",\"logo\":{\"@type\":\"ImageObject\",\"inLanguage\":\"en-US\",\"@id\":\"https:\/\/www.bernabohomegallery.it\/#\/schema\/logo\/image\/\",\"url\":\"https:\/\/www.bernabohomegallery.it\/wp-content\/uploads\/2024\/04\/bernabo_logo.png\",\"contentUrl\":\"https:\/\/www.bernabohomegallery.it\/wp-content\/uploads\/2024\/04\/bernabo_logo.png\",\"width\":600,\"height\":249,\"caption\":\"Bernab\u00f2 Home Gallery\"},\"image\":{\"@id\":\"https:\/\/www.bernabohomegallery.it\/#\/schema\/logo\/image\/\"},\"sameAs\":[\"https:\/\/www.facebook.com\/Bernabohomegallery\",\"https:\/\/www.instagram.com\/bernabohomegallery\/\",\"https:\/\/www.linkedin.com\/company\/bernab-home-gallery\/\"]}]}<\/script>\n<!-- \/ Yoast SEO plugin. -->","yoast_head_json":{"title":"Zero-Interest Art Financing - Bernab\u00f2 Home Gallery","robots":{"index":"index","follow":"follow","max-snippet":"max-snippet:-1","max-image-preview":"max-image-preview:large","max-video-preview":"max-video-preview:-1"},"canonical":"https:\/\/www.bernabohomegallery.it\/en\/financing-a-rate-zero\/","og_locale":"en_US","og_type":"article","og_title":"Finanziamenti Arte a Tasso Zero - Bernab\u00f2 Home Gallery","og_description":"Finanziamento opere d'arte a tasso zero Collezionare bellezza non \u00e8 mai stato cos\u00ec semplice. Bernab\u00f2 Home Gallery rende l'arte accessibile a tutti con finanziamenti a tasso zero offerti in collaborazione con Cofidis. Scegli tra opere d'arte, quadri e sculture uniche e dilaziona il pagamento senza interessi, realizzando cos\u00ec il sogno di collezionare bellezza senza rinunce.Scopri come portare nella tua casa pezzi originali e autentici con la comodit\u00e0 di un pagamento rateale e senza costi aggiuntivi.Per maggiori informazioni, contattaci al +39 02 23664743 o compila il modulo online. Nome Cognome Email Telefono Nazione Oggetto Messaggio Subscribe to our Newsletter Ho letto e acconsento il trattamento dei miei dati secondo la privacy policy consultabile a pi\u00e8 di pagina","og_url":"https:\/\/www.bernabohomegallery.it\/en\/financing-a-rate-zero\/","og_site_name":"Bernab\u00f2 Home Gallery","article_publisher":"https:\/\/www.facebook.com\/Bernabohomegallery","article_modified_time":"2024-09-21T15:39:23+00:00","og_image":[{"url":"https:\/\/www.bernabohomegallery.it\/wp-content\/uploads\/2024\/09\/cofidis-finanziamento-tasso-zero-colorato.jpg","type":"","width":"","height":""}],"twitter_card":"summary_large_image","twitter_misc":{"Est. reading time":"1 minute"},"schema":{"@context":"https:\/\/schema.org","@graph":[{"@type":"WebPage","@id":"https:\/\/www.bernabohomegallery.it\/finanziamento-a-tasso-zero\/","url":"https:\/\/www.bernabohomegallery.it\/finanziamento-a-tasso-zero\/","name":"Zero-Interest Art Financing - Bernab\u00f2 Home Gallery","isPartOf":{"@id":"https:\/\/www.bernabohomegallery.it\/#website"},"primaryImageOfPage":{"@id":"https:\/\/www.bernabohomegallery.it\/finanziamento-a-tasso-zero\/#primaryimage"},"image":{"@id":"https:\/\/www.bernabohomegallery.it\/finanziamento-a-tasso-zero\/#primaryimage"},"thumbnailUrl":"https:\/\/www.bernabohomegallery.it\/wp-content\/uploads\/2024\/09\/cofidis-finanziamento-tasso-zero-colorato.jpg","datePublished":"2024-09-21T10:24:33+00:00","dateModified":"2024-09-21T15:39:23+00:00","breadcrumb":{"@id":"https:\/\/www.bernabohomegallery.it\/finanziamento-a-tasso-zero\/#breadcrumb"},"inLanguage":"en-US","potentialAction":[{"@type":"ReadAction","target":["https:\/\/www.bernabohomegallery.it\/finanziamento-a-tasso-zero\/"]}]},{"@type":"ImageObject","inLanguage":"en-US","@id":"https:\/\/www.bernabohomegallery.it\/finanziamento-a-tasso-zero\/#primaryimage","url":"https:\/\/www.bernabohomegallery.it\/wp-content\/uploads\/2024\/09\/cofidis-finanziamento-tasso-zero-colorato.jpg","contentUrl":"https:\/\/www.bernabohomegallery.it\/wp-content\/uploads\/2024\/09\/cofidis-finanziamento-tasso-zero-colorato.jpg"},{"@type":"BreadcrumbList","@id":"https:\/\/www.bernabohomegallery.it\/finanziamento-a-tasso-zero\/#breadcrumb","itemListElement":[{"@type":"ListItem","position":1,"name":"Home","item":"https:\/\/www.bernabohomegallery.it\/"},{"@type":"ListItem","position":2,"name":"Finanziamenti Arte a Tasso Zero"}]},{"@type":"WebSite","@id":"https:\/\/www.bernabohomegallery.it\/#website","url":"https:\/\/www.bernabohomegallery.it\/","name":"Bernab\u00f2 Home Gallery","description":"Galleria arte moderna e contemporanea","publisher":{"@id":"https:\/\/www.bernabohomegallery.it\/#organization"},"potentialAction":[{"@type":"SearchAction","target":{"@type":"EntryPoint","urlTemplate":"https:\/\/www.bernabohomegallery.it\/?s={search_term_string}"},"query-input":{"@type":"PropertyValueSpecification","valueRequired":true,"valueName":"search_term_string"}}],"inLanguage":"en-US"},{"@type":"Organization","@id":"https:\/\/www.bernabohomegallery.it\/#organization","name":"Bernab\u00f2 Home Gallery","url":"https:\/\/www.bernabohomegallery.it\/","logo":{"@type":"ImageObject","inLanguage":"en-US","@id":"https:\/\/www.bernabohomegallery.it\/#\/schema\/logo\/image\/","url":"https:\/\/www.bernabohomegallery.it\/wp-content\/uploads\/2024\/04\/bernabo_logo.png","contentUrl":"https:\/\/www.bernabohomegallery.it\/wp-content\/uploads\/2024\/04\/bernabo_logo.png","width":600,"height":249,"caption":"Bernab\u00f2 Home Gallery"},"image":{"@id":"https:\/\/www.bernabohomegallery.it\/#\/schema\/logo\/image\/"},"sameAs":["https:\/\/www.facebook.com\/Bernabohomegallery","https:\/\/www.instagram.com\/bernabohomegallery\/","https:\/\/www.linkedin.com\/company\/bernab-home-gallery\/"]}]}},"_links":{"self":[{"href":"https:\/\/www.bernabohomegallery.it\/en\/wp-json\/wp\/v2\/pages\/5361","targetHints":{"allow":["GET"]}}],"collection":[{"href":"https:\/\/www.bernabohomegallery.it\/en\/wp-json\/wp\/v2\/pages"}],"about":[{"href":"https:\/\/www.bernabohomegallery.it\/en\/wp-json\/wp\/v2\/types\/page"}],"author":[{"embeddable":true,"href":"https:\/\/www.bernabohomegallery.it\/en\/wp-json\/wp\/v2\/users\/3"}],"replies":[{"embeddable":true,"href":"https:\/\/www.bernabohomegallery.it\/en\/wp-json\/wp\/v2\/comments?post=5361"}],"version-history":[{"count":0,"href":"https:\/\/www.bernabohomegallery.it\/en\/wp-json\/wp\/v2\/pages\/5361\/revisions"}],"wp:attachment":[{"href":"https:\/\/www.bernabohomegallery.it\/en\/wp-json\/wp\/v2\/media?parent=5361"}],"curies":[{"name":"wp","href":"https:\/\/api.w.org\/{rel}","templated":true}]}}